{"id":1831,"date":"2026-03-05T07:20:18","date_gmt":"2026-03-05T07:20:18","guid":{"rendered":"https:\/\/demo.kk60.de\/?page_id=1831"},"modified":"2026-03-05T07:59:25","modified_gmt":"2026-03-05T07:59:25","slug":"technische-daten","status":"publish","type":"page","link":"https:\/\/demo.kk60.de\/?page_id=1831","title":{"rendered":"Technische Daten"},"content":{"rendered":"\n<h2 class=\"wp-block-heading\">Hier findest du alles technische zu unserer Foren-Webseite.<\/h2>\n\n\n\n<p>Anlass f\u00fcr diese Webseite ist die <strong>beispielhafte Umsetzung<\/strong> einer Foren-Installation mit <strong>bbPress<\/strong> auf einer WordPress-Instanz. Dabei wurde unter Verwendung verschiedener Plugins aus dem WordPress-Repository ein <strong>beispielhaftes Design<\/strong> f\u00fcr das Forum erstellt. Das Projekt wird im Rahmen des WordPress Meetups Bonn am <strong>6. Mai 2026<\/strong> pr\u00e4sentiert.<\/p>\n\n\n\n<p><strong>Stilrichtung der Webseite<\/strong><br>Technisch \/ Schlicht \/ Klar \/ Modern<\/p>\n\n\n\n<p><strong>Umsetzung mit<\/strong><br>WordPress 6.9<br>Theme twenty-twenty-four (TT4)<br>PHP 8.5<br>Hoster netcup<\/p>\n\n\n\n<p><strong>Verwendete Schriften<\/strong><br>Headline:<br>Text:<\/p>\n\n\n\n<p><strong>Verwendete Farben<\/strong><br>Prim\u00e4r:<br>Sekund\u00e4r:<br>Sekund\u00e4r 2:<\/p>\n\n\n\n<p><strong>Autoren<\/strong><br>D\u00fcndar \u00d6tg\u00fcn, Dipl. Grafik Designer<br>D-97422 Schweinfurt<br><a href=\"https:\/\/twomediaart.de\/\">https:\/\/twomediaart.de\/<\/a><br><br>Magnus van Dyke, Display &amp; Packaging Developer<br>D-52428 J\u00fclich<br><a href=\"https:\/\/magnusvandyke.de\">https:\/\/magnusvandyke.de<\/a><br><br><\/p>\n","protected":false},"excerpt":{"rendered":"<p>Hier findest du alles technische zu unserer Foren-Webseite. Anlass f\u00fcr diese Webseite ist die beispielhafte Umsetzung einer Foren-Installation mit bbPress auf einer WordPress-Instanz. Dabei wurde unter Verwendung verschiedener Plugins aus dem WordPress-Repository ein beispielhaftes Design f\u00fcr das Forum erstellt. Das Projekt wird im Rahmen des WordPress Meetups Bonn am 6. Mai 2026 pr\u00e4sentiert. Stilrichtung der [&hellip;]<\/p>\n","protected":false},"author":2,"featured_media":0,"parent":0,"menu_order":0,"comment_status":"closed","ping_status":"closed","template":"","meta":{"_bbp_topic_count":0,"_bbp_reply_count":0,"_bbp_total_topic_count":0,"_bbp_total_reply_count":0,"_bbp_voice_count":0,"_bbp_anonymous_reply_count":0,"_bbp_topic_count_hidden":0,"_bbp_reply_count_hidden":0,"_bbp_forum_subforum_count":0,"footnotes":""},"class_list":["post-1831","page","type-page","status-publish","hentry"],"_links":{"self":[{"href":"https:\/\/demo.kk60.de\/index.php?rest_route=\/wp\/v2\/pages\/1831","targetHints":{"allow":["GET"]}}],"collection":[{"href":"https:\/\/demo.kk60.de\/index.php?rest_route=\/wp\/v2\/pages"}],"about":[{"href":"https:\/\/demo.kk60.de\/index.php?rest_route=\/wp\/v2\/types\/page"}],"author":[{"embeddable":true,"href":"https:\/\/demo.kk60.de\/index.php?rest_route=\/wp\/v2\/users\/2"}],"replies":[{"embeddable":true,"href":"https:\/\/demo.kk60.de\/index.php?rest_route=%2Fwp%2Fv2%2Fcomments&post=1831"}],"version-history":[{"count":3,"href":"https:\/\/demo.kk60.de\/index.php?rest_route=\/wp\/v2\/pages\/1831\/revisions"}],"predecessor-version":[{"id":1845,"href":"https:\/\/demo.kk60.de\/index.php?rest_route=\/wp\/v2\/pages\/1831\/revisions\/1845"}],"wp:attachment":[{"href":"https:\/\/demo.kk60.de\/index.php?rest_route=%2Fwp%2Fv2%2Fmedia&parent=1831"}],"curies":[{"name":"wp","href":"https:\/\/api.w.org\/{rel}","templated":true}]}}