{"id":1840,"date":"2026-03-05T08:06:21","date_gmt":"2026-03-05T08:06:21","guid":{"rendered":"https:\/\/demo.kk60.de\/?page_id=1840"},"modified":"2026-03-31T09:45:36","modified_gmt":"2026-03-31T09:45:36","slug":"home-base","status":"publish","type":"page","link":"https:\/\/demo.kk60.de\/?page_id=1840","title":{"rendered":"Home Base"},"content":{"rendered":"\n<div class=\"wp-block-group is-nowrap is-layout-flex wp-container-core-group-is-layout-6c531013 wp-block-group-is-layout-flex\">\n<h2 class=\"wp-block-heading\">Willkommen bei<\/h2>\n\n\n\n<figure class=\"wp-block-image size-full\"><img loading=\"lazy\" decoding=\"async\" width=\"372\" height=\"141\" src=\"https:\/\/demo.kk60.de\/wp-content\/uploads\/2026\/03\/LogoTheForumLab-26.png\" alt=\"\" class=\"wp-image-1857\" srcset=\"https:\/\/demo.kk60.de\/wp-content\/uploads\/2026\/03\/LogoTheForumLab-26.png 372w, https:\/\/demo.kk60.de\/wp-content\/uploads\/2026\/03\/LogoTheForumLab-26-300x114.png 300w\" sizes=\"auto, (max-width: 372px) 100vw, 372px\" \/><\/figure>\n<\/div>\n\n\n\n<h2 class=\"wp-block-heading\">Deine Community. Dein WordPress. Dein Forum.<\/h2>\n\n\n\n<p>Hier zeigen wir dir, wie nahtlos sich <strong>bbPress<\/strong> in das WordPress-\u00d6kosystem einf\u00fcgt. Ob du ein Forum f\u00fcr ein lokales Meetup suchst oder eine Plattform f\u00fcr den Austausch \u00fcber Grafikdesign aufbauen willst \u2013 bbPress ist die schlanke, schnelle L\u00f6sung.<\/p>\n\n\n\n<blockquote class=\"wp-block-quote is-layout-flow wp-block-quote-is-layout-flow\">\n<p>\u201eWas l\u00e4sst sich mit bbPress eigentlich herausholen? Diese Seite zeigt eine <strong>beispielhafte Foren-Installation<\/strong> und wie man mit den passenden Plugins aus dem Repository ein schickes Design auf die Beine stellt. Das Ganze ist ein Projekt f\u00fcr das <strong>WordPress Meetup Bonn<\/strong> und wird dort am <strong>6. Mai 2026<\/strong> in einem online Meetup pr\u00e4sentiert.\u201c<\/p>\n<\/blockquote>\n","protected":false},"excerpt":{"rendered":"<p>Willkommen bei Deine Community. Dein WordPress. Dein Forum. Hier zeigen wir dir, wie nahtlos sich bbPress in das WordPress-\u00d6kosystem einf\u00fcgt. Ob du ein Forum f\u00fcr ein lokales Meetup suchst oder eine Plattform f\u00fcr den Austausch \u00fcber Grafikdesign aufbauen willst \u2013 bbPress ist die schlanke, schnelle L\u00f6sung. \u201eWas l\u00e4sst sich mit bbPress eigentlich herausholen? Diese Seite [&hellip;]<\/p>\n","protected":false},"author":2,"featured_media":0,"parent":0,"menu_order":0,"comment_status":"closed","ping_status":"closed","template":"","meta":{"_bbp_topic_count":0,"_bbp_reply_count":0,"_bbp_total_topic_count":0,"_bbp_total_reply_count":0,"_bbp_voice_count":0,"_bbp_anonymous_reply_count":0,"_bbp_topic_count_hidden":0,"_bbp_reply_count_hidden":0,"_bbp_forum_subforum_count":0,"footnotes":""},"class_list":["post-1840","page","type-page","status-publish","hentry"],"_links":{"self":[{"href":"https:\/\/demo.kk60.de\/index.php?rest_route=\/wp\/v2\/pages\/1840","targetHints":{"allow":["GET"]}}],"collection":[{"href":"https:\/\/demo.kk60.de\/index.php?rest_route=\/wp\/v2\/pages"}],"about":[{"href":"https:\/\/demo.kk60.de\/index.php?rest_route=\/wp\/v2\/types\/page"}],"author":[{"embeddable":true,"href":"https:\/\/demo.kk60.de\/index.php?rest_route=\/wp\/v2\/users\/2"}],"replies":[{"embeddable":true,"href":"https:\/\/demo.kk60.de\/index.php?rest_route=%2Fwp%2Fv2%2Fcomments&post=1840"}],"version-history":[{"count":4,"href":"https:\/\/demo.kk60.de\/index.php?rest_route=\/wp\/v2\/pages\/1840\/revisions"}],"predecessor-version":[{"id":1907,"href":"https:\/\/demo.kk60.de\/index.php?rest_route=\/wp\/v2\/pages\/1840\/revisions\/1907"}],"wp:attachment":[{"href":"https:\/\/demo.kk60.de\/index.php?rest_route=%2Fwp%2Fv2%2Fmedia&parent=1840"}],"curies":[{"name":"wp","href":"https:\/\/api.w.org\/{rel}","templated":true}]}}