{"id":1843,"date":"2026-03-05T07:58:14","date_gmt":"2026-03-05T07:58:14","guid":{"rendered":"https:\/\/demo.kk60.de\/?page_id=1843"},"modified":"2026-03-31T01:51:38","modified_gmt":"2026-03-31T01:51:38","slug":"bbpress-inside","status":"publish","type":"page","link":"https:\/\/demo.kk60.de\/?page_id=1843","title":{"rendered":"bbPress inside"},"content":{"rendered":"\n<h3 class=\"wp-block-heading\">Die wichtigsten bbPress Shortcodes<\/h3>\n\n\n\n<p>Mit diesen Codes kannst du Foren-Inhalte \u00fcberall auf deiner Website platzieren. Einfach in einen \u201eShortcode-Block\u201c oder direkt in den Texteditor einf\u00fcgen:<\/p>\n\n\n\n<figure class=\"wp-block-table\"><table class=\"has-fixed-layout\"><thead><tr><td>Shortcode<\/td><td>Funktion<\/td><\/tr><\/thead><tbody><tr><td>[bbp-forum-index]<\/td><td>Zeigt die komplette Foren-\u00dcbersicht an (Hauptseite).<\/td><\/tr><tr><td>[bbp-forum-form]<\/td><td>Zeigen Sie das Formular \u201eNeues Forum\u201c an.<\/td><\/tr><tr><td>[bbp-single-forum id=$forum_id]<\/td><td>Zeigen Sie ein einzelnes Forum Themen an.<\/td><\/tr><tr><td><code>[bbp-topic-index]<\/code><\/td><td>Listet die 15 neuesten Themen aus allen Foren auf.<\/td><\/tr><tr><td><code>[bbp-topic-form]<\/code><\/td><td>Zeigt ein Formular an, um ein neues Thema zu erstellen.<\/td><\/tr><tr><td><code>[bbp-single-forum id=123]<\/code><\/td><td>Zeigt nur ein ganz bestimmtes Forum an (ID anpassen).<\/td><\/tr><tr><td><code>[bbp-single-topic id=$topic_id]<\/code><\/td><td>Zeige ein einzelnes Thema an.<\/td><\/tr><tr><td><code>[bbp-reply-form]<\/code><\/td><td>Zeigt das Formular \u201eNeue Antwort\u201c an.<\/td><\/tr><tr><td><code>[bbp-single-reply id=$reply_id]<\/code><\/td><td>Zeigen Sie eine einzelne Antwort an.<\/td><\/tr><tr><td><code>[bbp-topic-tags]<\/code><\/td><td>Zeige eine Tag-Cloud aller Themen-Tags an.<\/td><\/tr><tr><td><code>[bbp-single-tag id=$tag_id]<\/code><\/td><td>Zeigen Sie eine Liste aller Themen an, die mit einem bestimmten Tag verkn\u00fcpft sind.<\/td><\/tr><tr><td><code>[bbp-single-view id=$view_id]<\/code><br><\/td><td>Zeigen Sie Themen an, die mit einer bestimmten Ansicht verbunden sind. Enthaltene \u201eAnsichten\u201c sind:<br>\u201eBeliebt\u201c <br><code><\/code><br>\u201eKeine Antworten\u201c <br><code><\/code><\/td><\/tr><tr><td><code>[bbp-login]<\/code><\/td><td>Erzeugt ein sauberes Anmeldeformular f\u00fcr Mitglieder.<\/td><\/tr><tr><td><code>[bbp-register]<\/code><\/td><td>Zeigt den Registerbildschirm an.<\/td><\/tr><tr><td><code>[bbp-lost-pass]<\/code><\/td><td>Zeigt den verlorenen Passwort-Bildschirm an.<\/td><\/tr><tr><td><code>[bbp-search]<\/code><\/td><td>F\u00fcgt eine dedizierte Foren-Suche ein.<\/td><\/tr><tr><td><code>[bbp-search-form]<\/code><\/td><td>Zeigen Sie die Suchformularvorlage an.<\/td><\/tr><tr><td><code>[bbp-stats]<\/code><\/td><td>Zeigt die Forumsstatistiken an.<\/td><\/tr><\/tbody><\/table><\/figure>\n\n\n\n<pre class=\"wp-block-code\"><code><\/code><\/pre>\n\n\n\n<p>Auf der Homepage von <strong>bbPress<\/strong> findest du eine Liste mit allen zur Verf\u00fcgung stehenden <strong>Shortcodes<\/strong>. <a href=\"https:\/\/codex.bbpress.org\/features\/shortcodes\/\">https:\/\/codex.bbpress.org\/features\/shortcodes\/<\/a><\/p>\n\n\n\n<p><\/p>\n","protected":false},"excerpt":{"rendered":"<p>Die wichtigsten bbPress Shortcodes Mit diesen Codes kannst du Foren-Inhalte \u00fcberall auf deiner Website platzieren. Einfach in einen \u201eShortcode-Block\u201c oder direkt in den Texteditor einf\u00fcgen: Shortcode Funktion Suche nach: Start &rsaquo; Foren Forum Themen Beitr\u00e4ge Letzter Beitrag Meetup M\u00e4rz 2026 Allg. Themen zu Meetup 2 2 vor 1\u00a0Monat, 3\u00a0Wochen 2ndkauboy WordPress Das WordPress-Forum Plugins (0, [&hellip;]<\/p>\n","protected":false},"author":2,"featured_media":0,"parent":0,"menu_order":0,"comment_status":"closed","ping_status":"closed","template":"","meta":{"_bbp_topic_count":0,"_bbp_reply_count":0,"_bbp_total_topic_count":0,"_bbp_total_reply_count":0,"_bbp_voice_count":0,"_bbp_anonymous_reply_count":0,"_bbp_topic_count_hidden":0,"_bbp_reply_count_hidden":0,"_bbp_forum_subforum_count":0,"footnotes":""},"class_list":["post-1843","page","type-page","status-publish","hentry"],"_links":{"self":[{"href":"https:\/\/demo.kk60.de\/index.php?rest_route=\/wp\/v2\/pages\/1843","targetHints":{"allow":["GET"]}}],"collection":[{"href":"https:\/\/demo.kk60.de\/index.php?rest_route=\/wp\/v2\/pages"}],"about":[{"href":"https:\/\/demo.kk60.de\/index.php?rest_route=\/wp\/v2\/types\/page"}],"author":[{"embeddable":true,"href":"https:\/\/demo.kk60.de\/index.php?rest_route=\/wp\/v2\/users\/2"}],"replies":[{"embeddable":true,"href":"https:\/\/demo.kk60.de\/index.php?rest_route=%2Fwp%2Fv2%2Fcomments&post=1843"}],"version-history":[{"count":9,"href":"https:\/\/demo.kk60.de\/index.php?rest_route=\/wp\/v2\/pages\/1843\/revisions"}],"predecessor-version":[{"id":1900,"href":"https:\/\/demo.kk60.de\/index.php?rest_route=\/wp\/v2\/pages\/1843\/revisions\/1900"}],"wp:attachment":[{"href":"https:\/\/demo.kk60.de\/index.php?rest_route=%2Fwp%2Fv2%2Fmedia&parent=1843"}],"curies":[{"name":"wp","href":"https:\/\/api.w.org\/{rel}","templated":true}]}}